{"id":652,"date":"2020-07-04T15:51:34","date_gmt":"2020-07-04T15:51:34","guid":{"rendered":"http:\/\/31.217.196.205\/~msdyfvny\/?post_type=product&#038;p=652"},"modified":"2025-04-13T23:54:10","modified_gmt":"2025-04-13T20:54:10","slug":"hiilinielu-viideksi-vuodeksi-valitse-koko","status":"publish","type":"product","link":"https:\/\/www.co2compensatefinland.com\/fi\/product\/hiilinielu-viideksi-vuodeksi-valitse-koko\/","title":{"rendered":"Hiilinielu viideksi vuodeksi:"},"content":{"rendered":"<p><span style=\"color: #000000;\">Hiilinielun koko ilmoitetaan aareissa. Valitse montako aaria haluat s\u00e4ilytt\u00e4\u00e4 hiilinieluna:<\/span><\/p>\n<p><span style=\"color: #000000;\">1 aari: 49\u20ac<\/span><\/p>\n<p><span style=\"color: #000000;\">2 aarta: 147\u20ac<\/span><\/p>\n<p><span style=\"color: #000000;\">3 aarta: 245\u20ac<\/span><\/p>\n<p><span style=\"color: #000000;\">Ostaessasi t\u00e4m\u00e4n tuotteen, Co2 Compensate Finland vuokraa viideksi vuodeksi valitsemasi m\u00e4\u00e4r\u00e4n mets\u00e4\u00e4\u00a0 yksityisilt\u00e4 maanomistajilta ja huolehtii, ett\u00e4 mets\u00e4 s\u00e4ilyy hiilinieluna. Ostoksen tehty\u00e4si, saat sertifikaatin omassta hiilinielusta, sen koosta ja vuokra-ajasta.<\/span><\/p>\n<p><span style=\"color: #000000;\">Esimerkkej\u00e4:<\/span><\/p>\n<p><span style=\"color: #000000;\">Yhdell\u00e4 aarilla hyvit\u00e4t muovisista kauppakasseista kertyneet p\u00e4\u00e4st\u00f6t viiden vuoden ajan. Kolmella aarilla hyvit\u00e4t viikottain kahden muovipullon valmistuksesta aiheutuneet p\u00e4\u00e4st\u00f6t viiden vuoden ajan.<\/span><\/p>\n<p>&nbsp;<\/p>\n","protected":false},"excerpt":{"rendered":"<h5><em><span style=\"color: #000000;\">Valitse itsellesi sopiva koko<\/span><\/em><\/h5>\n","protected":false},"featured_media":342,"comment_status":"open","ping_status":"closed","template":"","meta":[],"_links":{"self":[{"href":"https:\/\/www.co2compensatefinland.com\/fi\/wp-json\/wp\/v2\/product\/652"}],"collection":[{"href":"https:\/\/www.co2compensatefinland.com\/fi\/wp-json\/wp\/v2\/product"}],"about":[{"href":"https:\/\/www.co2compensatefinland.com\/fi\/wp-json\/wp\/v2\/types\/product"}],"replies":[{"embeddable":true,"href":"https:\/\/www.co2compensatefinland.com\/fi\/wp-json\/wp\/v2\/comments?post=652"}],"wp:featuredmedia":[{"embeddable":true,"href":"https:\/\/www.co2compensatefinland.com\/fi\/wp-json\/wp\/v2\/media\/342"}],"wp:attachment":[{"href":"https:\/\/www.co2compensatefinland.com\/fi\/wp-json\/wp\/v2\/media?parent=652"}],"curies":[{"name":"wp","href":"https:\/\/api.w.org\/{rel}","templated":true}]}}