{"id":657,"date":"2020-07-04T15:50:36","date_gmt":"2020-07-04T15:50:36","guid":{"rendered":"http:\/\/31.217.196.205\/~msdyfvny\/?post_type=product&#038;p=657"},"modified":"2024-08-31T12:54:44","modified_gmt":"2024-08-31T09:54:44","slug":"hiilinielu-lahjaksi","status":"publish","type":"product","link":"https:\/\/www.co2compensatefinland.com\/fi\/product\/hiilinielu-lahjaksi\/","title":{"rendered":"Hiilinielu lahjaksi"},"content":{"rendered":"<p><span style=\"color: #000000;\">T\u00e4ll\u00e4 tuotteella voit lahjoittaa yst\u00e4v\u00e4lle oman hiilinielun viideksi vuodeksi.<\/span><\/p>\n<p><span style=\"color: #000000;\">Hiilinielun koko ilmoitetaan aareissa. Valitse montako aaria haluat s\u00e4ilytt\u00e4\u00e4 hiilinieluna.<\/span><\/p>\n<p><span style=\"color: #000000;\">1a: 49\u20ac<\/span><\/p>\n<p><span style=\"color: #000000;\">3a: 147\u20ac<\/span><\/p>\n<p><span style=\"color: #000000;\">5a: 245\u20ac<\/span><\/p>\n<p>&nbsp;<\/p>\n<p><span style=\"color: #000000;\">T\u00e4m\u00e4n tuotteen ostaessasi yritys vuokraa viideksi vuodeksi valitsemasi m\u00e4\u00e4r\u00e4n mets\u00e4\u00e4 yksityisilt\u00e4 omistajilta ja huolehtii, ett\u00e4 mets\u00e4 s\u00e4ilyy hiilinieluna.<\/span><\/p>\n<p><span style=\"color: #000000;\">Lahjaksi ostaessasi laita\u00a0toimitusosoitteeksi sen henkil\u00f6n osoite, jota haluat ilahduttaa ymp\u00e4rist\u00f6\u00e4 ajattelevalla lahjalla. Kaikki verkkokaupan tuotteet voi ostaa toiselle lahjaksi.<\/span><\/p>\n","protected":false},"excerpt":{"rendered":"<h5><em><span style=\"color: #000000;\">Osta hiilinielu lahjaksi!<\/span><\/em><\/h5>\n","protected":false},"featured_media":258,"comment_status":"open","ping_status":"closed","template":"","meta":[],"_links":{"self":[{"href":"https:\/\/www.co2compensatefinland.com\/fi\/wp-json\/wp\/v2\/product\/657"}],"collection":[{"href":"https:\/\/www.co2compensatefinland.com\/fi\/wp-json\/wp\/v2\/product"}],"about":[{"href":"https:\/\/www.co2compensatefinland.com\/fi\/wp-json\/wp\/v2\/types\/product"}],"replies":[{"embeddable":true,"href":"https:\/\/www.co2compensatefinland.com\/fi\/wp-json\/wp\/v2\/comments?post=657"}],"wp:featuredmedia":[{"embeddable":true,"href":"https:\/\/www.co2compensatefinland.com\/fi\/wp-json\/wp\/v2\/media\/258"}],"wp:attachment":[{"href":"https:\/\/www.co2compensatefinland.com\/fi\/wp-json\/wp\/v2\/media?parent=657"}],"curies":[{"name":"wp","href":"https:\/\/api.w.org\/{rel}","templated":true}]}}